{"id":3644,"date":"2025-09-23T14:48:53","date_gmt":"2025-09-23T12:48:53","guid":{"rendered":"https:\/\/interaxo.com\/?page_id=3644"},"modified":"2026-02-02T16:42:00","modified_gmt":"2026-02-02T14:42:00","slug":"api-integrationspartner","status":"publish","type":"page","link":"https:\/\/interaxo.com\/sv\/api-integrationspartner\/","title":{"rendered":"API-integrationspartner"},"content":{"rendered":"<p><div class=\"fusion-fullwidth fullwidth-box fusion-builder-row-1 fusion-flex-container has-pattern-background has-mask-background fusion-parallax-none nonhundred-percent-fullwidth non-hundred-percent-height-scrolling\" style=\"--link_hover_color: hsla(var(--awb-color5-h),calc(var(--awb-color5-s) + 5%),calc(var(--awb-color5-l) + 10%),var(--awb-color5-a));--link_color: var(--awb-color5);--awb-border-radius-top-left:0px;--awb-border-radius-top-right:0px;--awb-border-radius-bottom-right:0px;--awb-border-radius-bottom-left:0px;--awb-padding-top:0px;--awb-margin-top:0px;--awb-min-height:70vh;--awb-min-height-small:30vh;--awb-background-color:#101216;--awb-background-image:url(&quot;https:\/\/interaxo.com\/wp-content\/uploads\/2025\/10\/Interaxo-project-Insights-samarbetsverktyg-bygg.webp&quot;);--awb-background-size:cover;--awb-flex-wrap:wrap;\" ><div class=\"fusion-builder-row fusion-row fusion-flex-align-items-stretch fusion-flex-content-wrap\" style=\"max-width:1314.56px;margin-left: calc(-4% \/ 2 );margin-right: calc(-4% \/ 2 );\"><div class=\"fusion-layout-column fusion_builder_column fusion-builder-column-0 fusion_builder_column_1_1 1_1 fusion-flex-column\" style=\"--awb-bg-size:cover;--awb-width-large:100%;--awb-margin-top-large:0px;--awb-spacing-right-large:1.92%;--awb-margin-bottom-large:20px;--awb-spacing-left-large:1.92%;--awb-width-medium:100%;--awb-order-medium:0;--awb-spacing-right-medium:1.92%;--awb-spacing-left-medium:1.92%;--awb-width-small:100%;--awb-order-small:0;--awb-spacing-right-small:1.92%;--awb-spacing-left-small:1.92%;\"><div class=\"fusion-column-wrapper fusion-column-has-shadow fusion-flex-justify-content-flex-start fusion-content-layout-column\"><div class=\"fusion-separator fusion-full-width-sep\" style=\"align-self: center;margin-left: auto;margin-right: auto;width:100%;\"><\/div><\/div><\/div><\/div><\/div><div class=\"fusion-fullwidth fullwidth-box fusion-builder-row-2 fusion-flex-container has-pattern-background has-mask-background nonhundred-percent-fullwidth non-hundred-percent-height-scrolling\" style=\"--awb-border-radius-top-left:0px;--awb-border-radius-top-right:0px;--awb-border-radius-bottom-right:0px;--awb-border-radius-bottom-left:0px;--awb-padding-top:0px;--awb-padding-bottom:20vh;--awb-background-image:radial-gradient(circle at left top, var(--awb-custom_color_5) 0%,var(--awb-custom_color_7) 100%);--awb-flex-wrap:wrap;\" ><div class=\"fusion-builder-row fusion-row fusion-flex-align-items-flex-start fusion-flex-content-wrap\" style=\"max-width:1339.84px;margin-left: calc(-6% \/ 2 );margin-right: calc(-6% \/ 2 );\"><div class=\"fusion-layout-column fusion_builder_column fusion-builder-column-1 fusion_builder_column_1_2 1_2 fusion-flex-column\" style=\"--awb-bg-size:cover;--awb-width-large:50%;--awb-margin-top-large:6vh;--awb-spacing-right-large:5.64%;--awb-margin-bottom-large:0px;--awb-spacing-left-large:5.64%;--awb-width-medium:50%;--awb-order-medium:0;--awb-spacing-right-medium:5.64%;--awb-spacing-left-medium:5.64%;--awb-width-small:100%;--awb-order-small:0;--awb-spacing-right-small:2.82%;--awb-spacing-left-small:2.82%;\"><div class=\"fusion-column-wrapper fusion-column-has-shadow fusion-flex-justify-content-flex-start fusion-content-layout-column\"><div class=\"fusion-title title fusion-title-1 fusion-sep-none fusion-title-text fusion-title-size-one\" style=\"--awb-text-color:var(--awb-color1);--awb-margin-bottom:40px;--awb-font-size:var(--awb-typography1-font-size);\"><h1 class=\"fusion-title-heading title-heading-left fusion-responsive-typography-calculated\" style=\"font-family:var(--awb-typography1-font-family);font-weight:var(--awb-typography1-font-weight);font-style:var(--awb-typography1-font-style);margin:0;letter-spacing:var(--awb-typography1-letter-spacing);text-transform:var(--awb-typography1-text-transform);font-size:1em;--fontSize:48;line-height:var(--awb-typography1-line-height);\">Bli Interaxo API-integrationspartner<\/h1><\/div><div class=\"fusion-text fusion-text-1 fusion-text-no-margin\" style=\"--awb-text-color:var(--awb-color1);--awb-margin-bottom:70px;--awb-text-font-family:&quot;Lato&quot;;--awb-text-font-style:normal;--awb-text-font-weight:300;\"><p><strong>Skapa v\u00e4rde genom s\u00f6ml\u00f6s integration<\/strong><\/p>\n<p>Vill du integrera dina l\u00f6sningar med Nordens ledande samarbetsplattform f\u00f6r byggprojekt? Som registrerad API-integrationspartner till Interaxo f\u00e5r du tillg\u00e5ng till v\u00e5ra API:er \u2013 helt kostnadsfritt under utvecklingen. Tillsammans skapar vi framtidens digitala byggprojekt.<\/p>\n<\/div><\/div><\/div><div class=\"fusion-layout-column fusion_builder_column fusion-builder-column-2 fusion_builder_column_1_2 1_2 fusion-flex-column\" style=\"--awb-padding-top:80px;--awb-padding-right:80px;--awb-padding-bottom:80px;--awb-padding-left:80px;--awb-padding-top-small:30px;--awb-padding-right-small:30px;--awb-padding-bottom-small:30px;--awb-padding-left-small:30px;--awb-overflow:hidden;--awb-bg-color:var(--awb-color2);--awb-bg-color-hover:var(--awb-color2);--awb-bg-size:cover;--awb-box-shadow:0px 4px 34px 0px rgba(47,47,47,0.25);;--awb-border-radius:6px 6px 6px 6px;--awb-width-large:50%;--awb-margin-top-large:-24vh;--awb-spacing-right-large:5.64%;--awb-margin-bottom-large:0px;--awb-spacing-left-large:5.64%;--awb-width-medium:50%;--awb-order-medium:0;--awb-spacing-right-medium:5.64%;--awb-spacing-left-medium:5.64%;--awb-width-small:100%;--awb-order-small:1;--awb-margin-top-small:0;--awb-spacing-right-small:2.82%;--awb-spacing-left-small:2.82%;\"><div class=\"fusion-column-wrapper fusion-column-has-shadow fusion-flex-justify-content-flex-start fusion-content-layout-column\"><div class=\"fusion-title title fusion-title-2 fusion-sep-none fusion-title-text fusion-title-size-five\"><h5 class=\"fusion-title-heading title-heading-left fusion-responsive-typography-calculated\" style=\"margin:0;--fontSize:18;--minFontSize:18;line-height:var(--awb-custom_typography_4-line-height);\">Anm\u00e4l dig h\u00e4r<\/h5><\/div><div class=\"fusion-text fusion-text-2\" style=\"--awb-text-font-family:&quot;Lato&quot;;--awb-text-font-style:normal;--awb-text-font-weight:300;\"><p>Obs: F\u00f6r att kunna aktivera integrationer i produktionsmilj\u00f6 kr\u00e4vs det att slutkunderna har ett giltigt API-avtal med Tribia.<\/p>\n<\/div><script charset=\"utf-8\" type=\"text\/javascript\" src=\"\/\/js.hsforms.net\/forms\/embed\/v2.js\"><\/script>\n<script>\n  hbspt.forms.create({\n    portalId: \"5177047\",\n    formId: \"bd88bb2f-9ef5-423d-8f1d-59f6fc7b3204\",\n    region: \"na1\"\n  });\n<\/script><\/div><\/div><div class=\"fusion-layout-column fusion_builder_column fusion-builder-column-3 fusion_builder_column_1_1 1_1 fusion-flex-column\" style=\"--awb-bg-size:cover;--awb-width-large:100%;--awb-margin-top-large:12vh;--awb-spacing-right-large:2.82%;--awb-margin-bottom-large:4vh;--awb-spacing-left-large:2.82%;--awb-width-medium:100%;--awb-order-medium:0;--awb-spacing-right-medium:2.82%;--awb-spacing-left-medium:2.82%;--awb-width-small:100%;--awb-order-small:2;--awb-spacing-right-small:2.82%;--awb-spacing-left-small:2.82%;\"><div class=\"fusion-column-wrapper fusion-column-has-shadow fusion-flex-justify-content-flex-start fusion-content-layout-column\"><div class=\"fusion-title title fusion-title-3 fusion-sep-none fusion-title-center fusion-title-text fusion-title-size-two\" style=\"--awb-text-color:var(--awb-color1);--awb-margin-bottom:30px;\"><h2 class=\"fusion-title-heading title-heading-center fusion-responsive-typography-calculated\" style=\"margin:0;--fontSize:38;line-height:var(--awb-typography2-line-height);\">Vad inneb\u00e4r det att vara integrationspartner?<\/h2><\/div><div class=\"fusion-text fusion-text-3\" style=\"--awb-content-alignment:center;--awb-text-color:var(--awb-color1);--awb-margin-right:10%;--awb-margin-left:10%;\"><p>Du vet att r\u00e4tt data vid r\u00e4tt tidpunkt g\u00f6r hela skillnaden. Med Interaxo BIM Data s\u00e4kerst\u00e4ller du att all information \u00e4r uppdaterad, korrekt och delas med r\u00e4tt personer \u2013 n\u00e5got som minskar fel, sparar pengar och h\u00f6jer kvaliteten i hela projektet.<\/p>\n<\/div><\/div><\/div><div class=\"fusion-layout-column fusion_builder_column fusion-builder-column-4 fusion_builder_column_1_4 1_4 fusion-flex-column\" style=\"--awb-bg-size:cover;--awb-width-large:25%;--awb-margin-top-large:0px;--awb-spacing-right-large:11.28%;--awb-margin-bottom-large:20px;--awb-spacing-left-large:11.28%;--awb-width-medium:25%;--awb-order-medium:0;--awb-spacing-right-medium:11.28%;--awb-spacing-left-medium:11.28%;--awb-width-small:50%;--awb-order-small:3;--awb-spacing-right-small:5.64%;--awb-spacing-left-small:5.64%;\"><div class=\"fusion-column-wrapper fusion-column-has-shadow fusion-flex-justify-content-flex-start fusion-content-layout-column\"><i class=\"fb-icon-element-1 fb-icon-element fontawesome-icon icon-interaxo-check-mark-lg circle-no\" style=\"--awb-iconcolor:var(--awb-color4);--awb-iconcolor-hover:var(--awb-color4);--awb-font-size:20px;--awb-align-self:center;--awb-margin-top:0px;--awb-margin-right:0px;--awb-margin-bottom:18px;--awb-margin-left:0px;\"><\/i><div class=\"fusion-text fusion-text-4\" style=\"--awb-content-alignment:center;--awb-text-color:var(--awb-color1);--awb-text-font-family:&quot;Lato&quot;;--awb-text-font-style:normal;--awb-text-font-weight:700;\"><p>Fri tillg\u00e5ng till Interaxos API:er under utveckling<\/p>\n<\/div><\/div><\/div><div class=\"fusion-layout-column fusion_builder_column fusion-builder-column-5 fusion_builder_column_1_4 1_4 fusion-flex-column\" style=\"--awb-bg-size:cover;--awb-width-large:25%;--awb-margin-top-large:0px;--awb-spacing-right-large:11.28%;--awb-margin-bottom-large:20px;--awb-spacing-left-large:11.28%;--awb-width-medium:25%;--awb-order-medium:0;--awb-spacing-right-medium:11.28%;--awb-spacing-left-medium:11.28%;--awb-width-small:50%;--awb-order-small:4;--awb-spacing-right-small:5.64%;--awb-spacing-left-small:5.64%;\"><div class=\"fusion-column-wrapper fusion-column-has-shadow fusion-flex-justify-content-flex-start fusion-content-layout-column\"><i class=\"fb-icon-element-2 fb-icon-element fontawesome-icon icon-interaxo-check-mark-lg circle-no\" style=\"--awb-iconcolor:var(--awb-color4);--awb-iconcolor-hover:var(--awb-color4);--awb-font-size:20px;--awb-align-self:center;--awb-margin-top:0px;--awb-margin-right:0px;--awb-margin-bottom:18px;--awb-margin-left:0px;\"><\/i><div class=\"fusion-text fusion-text-5\" style=\"--awb-content-alignment:center;--awb-text-color:var(--awb-color1);--awb-text-font-family:&quot;Lato&quot;;--awb-text-font-style:normal;--awb-text-font-weight:700;\"><p>Teknisk v\u00e4gledning och dokumentation<\/p>\n<\/div><\/div><\/div><div class=\"fusion-layout-column fusion_builder_column fusion-builder-column-6 fusion_builder_column_1_4 1_4 fusion-flex-column\" style=\"--awb-bg-size:cover;--awb-width-large:25%;--awb-margin-top-large:0px;--awb-spacing-right-large:11.28%;--awb-margin-bottom-large:20px;--awb-spacing-left-large:11.28%;--awb-width-medium:25%;--awb-order-medium:0;--awb-spacing-right-medium:11.28%;--awb-spacing-left-medium:11.28%;--awb-width-small:50%;--awb-order-small:5;--awb-spacing-right-small:5.64%;--awb-spacing-left-small:5.64%;\"><div class=\"fusion-column-wrapper fusion-column-has-shadow fusion-flex-justify-content-flex-start fusion-content-layout-column\"><i class=\"fb-icon-element-3 fb-icon-element fontawesome-icon icon-interaxo-check-mark-lg circle-no\" style=\"--awb-iconcolor:var(--awb-color4);--awb-iconcolor-hover:var(--awb-color4);--awb-font-size:20px;--awb-align-self:center;--awb-margin-top:0px;--awb-margin-right:0px;--awb-margin-bottom:18px;--awb-margin-left:0px;\"><\/i><div class=\"fusion-text fusion-text-6\" style=\"--awb-content-alignment:center;--awb-text-color:var(--awb-color1);--awb-text-font-family:&quot;Lato&quot;;--awb-text-font-style:normal;--awb-text-font-weight:700;\"><p>Enkel onboarding \u2013 snabbt ig\u00e5ng med integrationen<\/p>\n<\/div><\/div><\/div><div class=\"fusion-layout-column fusion_builder_column fusion-builder-column-7 fusion_builder_column_1_4 1_4 fusion-flex-column\" style=\"--awb-bg-size:cover;--awb-width-large:25%;--awb-margin-top-large:0px;--awb-spacing-right-large:11.28%;--awb-margin-bottom-large:20px;--awb-spacing-left-large:11.28%;--awb-width-medium:25%;--awb-order-medium:0;--awb-spacing-right-medium:11.28%;--awb-spacing-left-medium:11.28%;--awb-width-small:50%;--awb-order-small:6;--awb-spacing-right-small:5.64%;--awb-spacing-left-small:5.64%;\"><div class=\"fusion-column-wrapper fusion-column-has-shadow fusion-flex-justify-content-flex-start fusion-content-layout-column\"><i class=\"fb-icon-element-4 fb-icon-element fontawesome-icon icon-interaxo-check-mark-lg circle-no\" style=\"--awb-iconcolor:var(--awb-color4);--awb-iconcolor-hover:var(--awb-color4);--awb-font-size:20px;--awb-align-self:center;--awb-margin-top:0px;--awb-margin-right:0px;--awb-margin-bottom:18px;--awb-margin-left:0px;\"><\/i><div class=\"fusion-text fusion-text-7\" style=\"--awb-content-alignment:center;--awb-text-color:var(--awb-color1);--awb-text-font-family:&quot;Lato&quot;;--awb-text-font-style:normal;--awb-text-font-weight:700;\"><p>M\u00f6jlighet att skapa smartare l\u00f6sningar f\u00f6r gemensamma kunder<\/p>\n<\/div><\/div><\/div><\/div><\/div><\/p>\n","protected":false},"excerpt":{"rendered":"","protected":false},"author":9,"featured_media":1863,"parent":0,"menu_order":0,"comment_status":"closed","ping_status":"closed","template":"100-width.php","meta":{"_acf_changed":false,"content-type":"","footnotes":""},"class_list":["post-3644","page","type-page","status-publish","has-post-thumbnail","hentry"],"acf":[],"yoast_head":"<!-- This site is optimized with the Yoast SEO plugin v27.4 - https:\/\/yoast.com\/product\/yoast-seo-wordpress\/ -->\n<title>API-integrationspartner - Interaxo<\/title>\n<meta name=\"description\" content=\"Som API-integrationspartner kopplar vi ihop dina system f\u00f6r automatiserad data\u00f6verf\u00f6ring och effektiv projektstyrning \u2014 utan dubbelarbete.\" \/>\n<meta name=\"robots\" content=\"index, follow, max-snippet:-1, max-image-preview:large, max-video-preview:-1\" \/>\n<link rel=\"canonical\" href=\"https:\/\/interaxo.com\/sv\/api-integrationspartner\/\" \/>\n<meta property=\"og:locale\" content=\"sv_SE\" \/>\n<meta property=\"og:type\" content=\"article\" \/>\n<meta property=\"og:title\" content=\"API-integrationspartner - Interaxo\" \/>\n<meta property=\"og:description\" content=\"Som API-integrationspartner kopplar vi ihop dina system f\u00f6r automatiserad data\u00f6verf\u00f6ring och effektiv projektstyrning \u2014 utan dubbelarbete.\" \/>\n<meta property=\"og:url\" content=\"https:\/\/interaxo.com\/sv\/api-integrationspartner\/\" \/>\n<meta property=\"og:site_name\" content=\"Interaxo\" \/>\n<meta property=\"article:modified_time\" content=\"2026-02-02T14:42:00+00:00\" \/>\n<meta property=\"og:image\" content=\"https:\/\/interaxo.com\/wp-content\/uploads\/2025\/10\/Interaxo-project-Insights-samarbetsverktyg-byggherre.webp\" \/>\n\t<meta property=\"og:image:width\" content=\"1440\" \/>\n\t<meta property=\"og:image:height\" content=\"960\" \/>\n\t<meta property=\"og:image:type\" content=\"image\/webp\" \/>\n<meta name=\"twitter:card\" content=\"summary_large_image\" \/>\n<meta name=\"twitter:label1\" content=\"Ber\u00e4knad l\u00e4stid\" \/>\n\t<meta name=\"twitter:data1\" content=\"1 minut\" \/>\n<script type=\"application\/ld+json\" class=\"yoast-schema-graph\">{\"@context\":\"https:\\\/\\\/schema.org\",\"@graph\":[{\"@type\":\"WebPage\",\"@id\":\"https:\\\/\\\/interaxo.com\\\/sv\\\/api-integrationspartner\\\/\",\"url\":\"https:\\\/\\\/interaxo.com\\\/sv\\\/api-integrationspartner\\\/\",\"name\":\"API-integrationspartner - Interaxo\",\"isPartOf\":{\"@id\":\"https:\\\/\\\/interaxo.com\\\/sv\\\/#website\"},\"primaryImageOfPage\":{\"@id\":\"https:\\\/\\\/interaxo.com\\\/sv\\\/api-integrationspartner\\\/#primaryimage\"},\"image\":{\"@id\":\"https:\\\/\\\/interaxo.com\\\/sv\\\/api-integrationspartner\\\/#primaryimage\"},\"thumbnailUrl\":\"https:\\\/\\\/interaxo.com\\\/wp-content\\\/uploads\\\/2025\\\/10\\\/Interaxo-project-Insights-samarbetsverktyg-byggherre.webp\",\"datePublished\":\"2025-09-23T12:48:53+00:00\",\"dateModified\":\"2026-02-02T14:42:00+00:00\",\"description\":\"Som API-integrationspartner kopplar vi ihop dina system f\u00f6r automatiserad data\u00f6verf\u00f6ring och effektiv projektstyrning \u2014 utan dubbelarbete.\",\"breadcrumb\":{\"@id\":\"https:\\\/\\\/interaxo.com\\\/sv\\\/api-integrationspartner\\\/#breadcrumb\"},\"inLanguage\":\"sv-SE\",\"potentialAction\":[{\"@type\":\"ReadAction\",\"target\":[\"https:\\\/\\\/interaxo.com\\\/sv\\\/api-integrationspartner\\\/\"]}]},{\"@type\":\"ImageObject\",\"inLanguage\":\"sv-SE\",\"@id\":\"https:\\\/\\\/interaxo.com\\\/sv\\\/api-integrationspartner\\\/#primaryimage\",\"url\":\"https:\\\/\\\/interaxo.com\\\/wp-content\\\/uploads\\\/2025\\\/10\\\/Interaxo-project-Insights-samarbetsverktyg-byggherre.webp\",\"contentUrl\":\"https:\\\/\\\/interaxo.com\\\/wp-content\\\/uploads\\\/2025\\\/10\\\/Interaxo-project-Insights-samarbetsverktyg-byggherre.webp\",\"width\":1440,\"height\":960,\"caption\":\"Samarbetsverktyg byggherre entrepren\u00f6r och projektledare\"},{\"@type\":\"BreadcrumbList\",\"@id\":\"https:\\\/\\\/interaxo.com\\\/sv\\\/api-integrationspartner\\\/#breadcrumb\",\"itemListElement\":[{\"@type\":\"ListItem\",\"position\":1,\"name\":\"Home\",\"item\":\"https:\\\/\\\/interaxo.com\\\/sv\\\/\"},{\"@type\":\"ListItem\",\"position\":2,\"name\":\"API-integrationspartner\"}]},{\"@type\":\"WebSite\",\"@id\":\"https:\\\/\\\/interaxo.com\\\/sv\\\/#website\",\"url\":\"https:\\\/\\\/interaxo.com\\\/sv\\\/\",\"name\":\"Interaxo\",\"description\":\"Interaxo\",\"publisher\":{\"@id\":\"https:\\\/\\\/interaxo.com\\\/sv\\\/#organization\"},\"potentialAction\":[{\"@type\":\"SearchAction\",\"target\":{\"@type\":\"EntryPoint\",\"urlTemplate\":\"https:\\\/\\\/interaxo.com\\\/sv\\\/?s={search_term_string}\"},\"query-input\":{\"@type\":\"PropertyValueSpecification\",\"valueRequired\":true,\"valueName\":\"search_term_string\"}}],\"inLanguage\":\"sv-SE\"},{\"@type\":\"Organization\",\"@id\":\"https:\\\/\\\/interaxo.com\\\/sv\\\/#organization\",\"name\":\"Interaxo\",\"url\":\"https:\\\/\\\/interaxo.com\\\/sv\\\/\",\"logo\":{\"@type\":\"ImageObject\",\"inLanguage\":\"sv-SE\",\"@id\":\"https:\\\/\\\/interaxo.com\\\/sv\\\/#\\\/schema\\\/logo\\\/image\\\/\",\"url\":\"https:\\\/\\\/interaxo.com\\\/wp-content\\\/uploads\\\/2025\\\/09\\\/interaxo-logo.svg\",\"contentUrl\":\"https:\\\/\\\/interaxo.com\\\/wp-content\\\/uploads\\\/2025\\\/09\\\/interaxo-logo.svg\",\"width\":150,\"height\":29,\"caption\":\"Interaxo\"},\"image\":{\"@id\":\"https:\\\/\\\/interaxo.com\\\/sv\\\/#\\\/schema\\\/logo\\\/image\\\/\"},\"sameAs\":[\"https:\\\/\\\/www.linkedin.com\\\/company\\\/interaxo-no\\\/\"]}]}<\/script>\n<!-- \/ Yoast SEO plugin. -->","yoast_head_json":{"title":"API-integrationspartner - Interaxo","description":"Som API-integrationspartner kopplar vi ihop dina system f\u00f6r automatiserad data\u00f6verf\u00f6ring och effektiv projektstyrning \u2014 utan dubbelarbete.","robots":{"index":"index","follow":"follow","max-snippet":"max-snippet:-1","max-image-preview":"max-image-preview:large","max-video-preview":"max-video-preview:-1"},"canonical":"https:\/\/interaxo.com\/sv\/api-integrationspartner\/","og_locale":"sv_SE","og_type":"article","og_title":"API-integrationspartner - Interaxo","og_description":"Som API-integrationspartner kopplar vi ihop dina system f\u00f6r automatiserad data\u00f6verf\u00f6ring och effektiv projektstyrning \u2014 utan dubbelarbete.","og_url":"https:\/\/interaxo.com\/sv\/api-integrationspartner\/","og_site_name":"Interaxo","article_modified_time":"2026-02-02T14:42:00+00:00","og_image":[{"width":1440,"height":960,"url":"https:\/\/interaxo.com\/wp-content\/uploads\/2025\/10\/Interaxo-project-Insights-samarbetsverktyg-byggherre.webp","type":"image\/webp"}],"twitter_card":"summary_large_image","twitter_misc":{"Ber\u00e4knad l\u00e4stid":"1 minut"},"schema":{"@context":"https:\/\/schema.org","@graph":[{"@type":"WebPage","@id":"https:\/\/interaxo.com\/sv\/api-integrationspartner\/","url":"https:\/\/interaxo.com\/sv\/api-integrationspartner\/","name":"API-integrationspartner - Interaxo","isPartOf":{"@id":"https:\/\/interaxo.com\/sv\/#website"},"primaryImageOfPage":{"@id":"https:\/\/interaxo.com\/sv\/api-integrationspartner\/#primaryimage"},"image":{"@id":"https:\/\/interaxo.com\/sv\/api-integrationspartner\/#primaryimage"},"thumbnailUrl":"https:\/\/interaxo.com\/wp-content\/uploads\/2025\/10\/Interaxo-project-Insights-samarbetsverktyg-byggherre.webp","datePublished":"2025-09-23T12:48:53+00:00","dateModified":"2026-02-02T14:42:00+00:00","description":"Som API-integrationspartner kopplar vi ihop dina system f\u00f6r automatiserad data\u00f6verf\u00f6ring och effektiv projektstyrning \u2014 utan dubbelarbete.","breadcrumb":{"@id":"https:\/\/interaxo.com\/sv\/api-integrationspartner\/#breadcrumb"},"inLanguage":"sv-SE","potentialAction":[{"@type":"ReadAction","target":["https:\/\/interaxo.com\/sv\/api-integrationspartner\/"]}]},{"@type":"ImageObject","inLanguage":"sv-SE","@id":"https:\/\/interaxo.com\/sv\/api-integrationspartner\/#primaryimage","url":"https:\/\/interaxo.com\/wp-content\/uploads\/2025\/10\/Interaxo-project-Insights-samarbetsverktyg-byggherre.webp","contentUrl":"https:\/\/interaxo.com\/wp-content\/uploads\/2025\/10\/Interaxo-project-Insights-samarbetsverktyg-byggherre.webp","width":1440,"height":960,"caption":"Samarbetsverktyg byggherre entrepren\u00f6r och projektledare"},{"@type":"BreadcrumbList","@id":"https:\/\/interaxo.com\/sv\/api-integrationspartner\/#breadcrumb","itemListElement":[{"@type":"ListItem","position":1,"name":"Home","item":"https:\/\/interaxo.com\/sv\/"},{"@type":"ListItem","position":2,"name":"API-integrationspartner"}]},{"@type":"WebSite","@id":"https:\/\/interaxo.com\/sv\/#website","url":"https:\/\/interaxo.com\/sv\/","name":"Interaxo","description":"Interaxo","publisher":{"@id":"https:\/\/interaxo.com\/sv\/#organization"},"potentialAction":[{"@type":"SearchAction","target":{"@type":"EntryPoint","urlTemplate":"https:\/\/interaxo.com\/sv\/?s={search_term_string}"},"query-input":{"@type":"PropertyValueSpecification","valueRequired":true,"valueName":"search_term_string"}}],"inLanguage":"sv-SE"},{"@type":"Organization","@id":"https:\/\/interaxo.com\/sv\/#organization","name":"Interaxo","url":"https:\/\/interaxo.com\/sv\/","logo":{"@type":"ImageObject","inLanguage":"sv-SE","@id":"https:\/\/interaxo.com\/sv\/#\/schema\/logo\/image\/","url":"https:\/\/interaxo.com\/wp-content\/uploads\/2025\/09\/interaxo-logo.svg","contentUrl":"https:\/\/interaxo.com\/wp-content\/uploads\/2025\/09\/interaxo-logo.svg","width":150,"height":29,"caption":"Interaxo"},"image":{"@id":"https:\/\/interaxo.com\/sv\/#\/schema\/logo\/image\/"},"sameAs":["https:\/\/www.linkedin.com\/company\/interaxo-no\/"]}]}},"_links":{"self":[{"href":"https:\/\/interaxo.com\/sv\/wp-json\/wp\/v2\/pages\/3644","targetHints":{"allow":["GET"]}}],"collection":[{"href":"https:\/\/interaxo.com\/sv\/wp-json\/wp\/v2\/pages"}],"about":[{"href":"https:\/\/interaxo.com\/sv\/wp-json\/wp\/v2\/types\/page"}],"author":[{"embeddable":true,"href":"https:\/\/interaxo.com\/sv\/wp-json\/wp\/v2\/users\/9"}],"replies":[{"embeddable":true,"href":"https:\/\/interaxo.com\/sv\/wp-json\/wp\/v2\/comments?post=3644"}],"version-history":[{"count":3,"href":"https:\/\/interaxo.com\/sv\/wp-json\/wp\/v2\/pages\/3644\/revisions"}],"predecessor-version":[{"id":7132,"href":"https:\/\/interaxo.com\/sv\/wp-json\/wp\/v2\/pages\/3644\/revisions\/7132"}],"wp:featuredmedia":[{"embeddable":true,"href":"https:\/\/interaxo.com\/sv\/wp-json\/wp\/v2\/media\/1863"}],"wp:attachment":[{"href":"https:\/\/interaxo.com\/sv\/wp-json\/wp\/v2\/media?parent=3644"}],"curies":[{"name":"wp","href":"https:\/\/api.w.org\/{rel}","templated":true}]}}