{"id":3917,"date":"2025-09-23T11:21:05","date_gmt":"2025-09-23T09:21:05","guid":{"rendered":"https:\/\/interaxo.com\/?page_id=3917"},"modified":"2026-02-03T13:19:10","modified_gmt":"2026-02-03T11:19:10","slug":"nyhetsbrev","status":"publish","type":"page","link":"https:\/\/interaxo.com\/sv\/nyhetsbrev\/","title":{"rendered":"Nyhetsbrev"},"content":{"rendered":"<div class=\"fusion-fullwidth fullwidth-box fusion-builder-row-1 fusion-flex-container has-pattern-background has-mask-background fusion-parallax-none nonhundred-percent-fullwidth non-hundred-percent-height-scrolling\" style=\"--link_hover_color: hsla(var(--awb-color5-h),calc(var(--awb-color5-s) + 5%),calc(var(--awb-color5-l) + 10%),var(--awb-color5-a));--link_color: var(--awb-color5);--awb-border-radius-top-left:0px;--awb-border-radius-top-right:0px;--awb-border-radius-bottom-right:0px;--awb-border-radius-bottom-left:0px;--awb-padding-top:calc(123px + 7vh);--awb-padding-bottom:8vh;--awb-padding-top-medium:calc(123px + 4vh);--awb-padding-top-small:max(14vh, 140px);--awb-background-color:#101216;--awb-background-image:url(&quot;https:\/\/interaxo.com\/wp-content\/uploads\/2025\/09\/ix-background.svg&quot;);--awb-background-size:cover;--awb-flex-wrap:wrap;\" ><div class=\"fusion-builder-row fusion-row fusion-flex-align-items-stretch fusion-flex-content-wrap\" style=\"max-width:1314.56px;margin-left: calc(-4% \/ 2 );margin-right: calc(-4% \/ 2 );\"><div class=\"fusion-layout-column fusion_builder_column fusion-builder-column-0 fusion_builder_column_1_2 1_2 fusion-flex-column\" style=\"--awb-bg-size:cover;--awb-width-large:50%;--awb-margin-top-large:0px;--awb-spacing-right-large:3.84%;--awb-margin-bottom-large:4vh;--awb-spacing-left-large:3.84%;--awb-width-medium:50%;--awb-order-medium:0;--awb-spacing-right-medium:3.84%;--awb-spacing-left-medium:3.84%;--awb-width-small:100%;--awb-order-small:0;--awb-spacing-right-small:1.92%;--awb-spacing-left-small:1.92%;\"><div class=\"fusion-column-wrapper fusion-column-has-shadow fusion-flex-justify-content-flex-start fusion-content-layout-column\"><div class=\"fusion-title title fusion-title-1 fusion-sep-none fusion-title-text fusion-title-size-div\" style=\"--awb-text-color:var(--awb-color5);--awb-margin-top:0px;--awb-margin-bottom:25px;--awb-font-size:var(--awb-typography5-font-size);\"><div class=\"fusion-title-heading title-heading-left title-heading-tag fusion-responsive-typography-calculated\" style=\"font-family:var(--awb-typography5-font-family);font-weight:var(--awb-typography5-font-weight);font-style:var(--awb-typography5-font-style);margin:0;letter-spacing:var(--awb-typography5-letter-spacing);text-transform:uppercase;font-size:1em;--fontSize:14;--minFontSize:14;line-height:var(--awb-typography5-line-height);\">Nyhetsbrev<\/div><\/div><div class=\"fusion-title title fusion-title-2 fusion-sep-none fusion-title-text fusion-title-size-one\" style=\"--awb-text-color:var(--awb-color1);--awb-margin-top:0px;--awb-margin-bottom:35px;--awb-font-size:var(--awb-typography1-font-size);\"><h1 class=\"fusion-title-heading title-heading-left fusion-responsive-typography-calculated\" style=\"font-family:var(--awb-typography1-font-family);font-weight:var(--awb-typography1-font-weight);font-style:var(--awb-typography1-font-style);margin:0;letter-spacing:var(--awb-typography1-letter-spacing);text-transform:var(--awb-typography1-text-transform);font-size:1em;--fontSize:48;line-height:var(--awb-typography1-line-height);\">F\u00e5 nyheter fr\u00e5n Interaxo direkt i inkorgen<\/h1><\/div><div class=\"fusion-text fusion-text-1\" style=\"--awb-text-color:var(--awb-color1);\"><p>Fyll i formul\u00e4ret f\u00f6r att prenumerera p\u00e5 v\u00e5rt nyhetsbrev som skickas ut varje m\u00e5nad. D\u00e5 blir du en av de f\u00f6rsta som f\u00e5r ta del av produktlanseringar och uppdateringar, branschnyheter samt tips och r\u00e5d fr\u00e5n Interaxo. Du f\u00e5r \u00e4ven inbjudningar till v\u00e5ra webbinarier och andra evenemang \u2013 direkt i inkorgen.<\/p>\n<\/div><\/div><\/div><div class=\"fusion-layout-column fusion_builder_column fusion-builder-column-1 fusion_builder_column_1_2 1_2 fusion-flex-column\" style=\"--awb-padding-top:80px;--awb-padding-right:80px;--awb-padding-bottom:80px;--awb-padding-left:80px;--awb-padding-top-medium:40px;--awb-padding-right-medium:30px;--awb-padding-bottom-medium:40px;--awb-padding-left-medium:30px;--awb-padding-top-small:30px;--awb-padding-right-small:30px;--awb-padding-bottom-small:30px;--awb-padding-left-small:30px;--awb-overflow:hidden;--awb-bg-color:var(--awb-color2);--awb-bg-color-hover:var(--awb-color2);--awb-bg-size:cover;--awb-box-shadow:0px 4px 34px 0px rgba(47,47,47,0.25);;--awb-border-radius:6px 6px 6px 6px;--awb-width-large:50%;--awb-margin-top-large:0px;--awb-spacing-right-large:3.84%;--awb-margin-bottom-large:20px;--awb-spacing-left-large:3.84%;--awb-width-medium:50%;--awb-order-medium:0;--awb-spacing-right-medium:3.84%;--awb-spacing-left-medium:3.84%;--awb-width-small:100%;--awb-order-small:0;--awb-spacing-right-small:1.92%;--awb-spacing-left-small:1.92%;\"><div class=\"fusion-column-wrapper fusion-column-has-shadow fusion-flex-justify-content-flex-start fusion-content-layout-column\"><div class=\"fusion-title title fusion-title-3 fusion-sep-none fusion-title-text fusion-title-size-five\"><h5 class=\"fusion-title-heading title-heading-left fusion-responsive-typography-calculated\" style=\"margin:0;--fontSize:18;--minFontSize:18;line-height:var(--awb-custom_typography_4-line-height);\">Prenumerera p\u00e5 nyhetsbrevet<\/h5><\/div><script charset=\"utf-8\" type=\"text\/javascript\" src=\"\/\/js.hsforms.net\/forms\/embed\/v2.js\"><\/script>\n<script>\n  hbspt.forms.create({\n    portalId: \"5177047\",\n    formId: \"4d1ca26c-fbc6-44f8-bc78-a5fb4ba859bc\",\n    region: \"na1\"\n  });\n<\/script><\/div><\/div><\/div><\/div>\n","protected":false},"excerpt":{"rendered":"","protected":false},"author":9,"featured_media":565,"parent":0,"menu_order":0,"comment_status":"closed","ping_status":"closed","template":"100-width.php","meta":{"_acf_changed":false,"content-type":"","footnotes":""},"class_list":["post-3917","page","type-page","status-publish","has-post-thumbnail","hentry"],"acf":[],"yoast_head":"<!-- This site is optimized with the Yoast SEO plugin v27.4 - https:\/\/yoast.com\/product\/yoast-seo-wordpress\/ -->\n<title>Nyhetsbrev - Interaxo<\/title>\n<meta name=\"description\" content=\"Anm\u00e4l dig till Tribias nyhetsbrev och f\u00e5 de senaste nyheterna, produktuppdateringarna och insikterna direkt i din inkorg.\" \/>\n<meta name=\"robots\" content=\"index, follow, max-snippet:-1, max-image-preview:large, max-video-preview:-1\" \/>\n<link rel=\"canonical\" href=\"https:\/\/interaxo.com\/sv\/nyhetsbrev\/\" \/>\n<meta property=\"og:locale\" content=\"sv_SE\" \/>\n<meta property=\"og:type\" content=\"article\" \/>\n<meta property=\"og:title\" content=\"Nyhetsbrev - Interaxo\" \/>\n<meta property=\"og:description\" content=\"Anm\u00e4l dig till Tribias nyhetsbrev och f\u00e5 de senaste nyheterna, produktuppdateringarna och insikterna direkt i din inkorg.\" \/>\n<meta property=\"og:url\" content=\"https:\/\/interaxo.com\/sv\/nyhetsbrev\/\" \/>\n<meta property=\"og:site_name\" content=\"Interaxo\" \/>\n<meta property=\"article:modified_time\" content=\"2026-02-03T11:19:10+00:00\" \/>\n<meta property=\"og:image\" content=\"https:\/\/interaxo.com\/wp-content\/uploads\/2025\/09\/construction-site.webp\" \/>\n\t<meta property=\"og:image:width\" content=\"556\" \/>\n\t<meta property=\"og:image:height\" content=\"366\" \/>\n\t<meta property=\"og:image:type\" content=\"image\/webp\" \/>\n<meta name=\"twitter:card\" content=\"summary_large_image\" \/>\n<meta name=\"twitter:label1\" content=\"Ber\u00e4knad l\u00e4stid\" \/>\n\t<meta name=\"twitter:data1\" content=\"1 minut\" \/>\n<script type=\"application\/ld+json\" class=\"yoast-schema-graph\">{\"@context\":\"https:\\\/\\\/schema.org\",\"@graph\":[{\"@type\":\"WebPage\",\"@id\":\"https:\\\/\\\/interaxo.com\\\/sv\\\/nyhetsbrev\\\/\",\"url\":\"https:\\\/\\\/interaxo.com\\\/sv\\\/nyhetsbrev\\\/\",\"name\":\"Nyhetsbrev - Interaxo\",\"isPartOf\":{\"@id\":\"https:\\\/\\\/interaxo.com\\\/sv\\\/#website\"},\"primaryImageOfPage\":{\"@id\":\"https:\\\/\\\/interaxo.com\\\/sv\\\/nyhetsbrev\\\/#primaryimage\"},\"image\":{\"@id\":\"https:\\\/\\\/interaxo.com\\\/sv\\\/nyhetsbrev\\\/#primaryimage\"},\"thumbnailUrl\":\"https:\\\/\\\/interaxo.com\\\/wp-content\\\/uploads\\\/2025\\\/09\\\/construction-site.webp\",\"datePublished\":\"2025-09-23T09:21:05+00:00\",\"dateModified\":\"2026-02-03T11:19:10+00:00\",\"description\":\"Anm\u00e4l dig till Tribias nyhetsbrev och f\u00e5 de senaste nyheterna, produktuppdateringarna och insikterna direkt i din inkorg.\",\"breadcrumb\":{\"@id\":\"https:\\\/\\\/interaxo.com\\\/sv\\\/nyhetsbrev\\\/#breadcrumb\"},\"inLanguage\":\"sv-SE\",\"potentialAction\":[{\"@type\":\"ReadAction\",\"target\":[\"https:\\\/\\\/interaxo.com\\\/sv\\\/nyhetsbrev\\\/\"]}]},{\"@type\":\"ImageObject\",\"inLanguage\":\"sv-SE\",\"@id\":\"https:\\\/\\\/interaxo.com\\\/sv\\\/nyhetsbrev\\\/#primaryimage\",\"url\":\"https:\\\/\\\/interaxo.com\\\/wp-content\\\/uploads\\\/2025\\\/09\\\/construction-site.webp\",\"contentUrl\":\"https:\\\/\\\/interaxo.com\\\/wp-content\\\/uploads\\\/2025\\\/09\\\/construction-site.webp\",\"width\":556,\"height\":366,\"caption\":\"interaxo for byggherre byggprosjekt\"},{\"@type\":\"BreadcrumbList\",\"@id\":\"https:\\\/\\\/interaxo.com\\\/sv\\\/nyhetsbrev\\\/#breadcrumb\",\"itemListElement\":[{\"@type\":\"ListItem\",\"position\":1,\"name\":\"Home\",\"item\":\"https:\\\/\\\/interaxo.com\\\/sv\\\/\"},{\"@type\":\"ListItem\",\"position\":2,\"name\":\"Nyhetsbrev\"}]},{\"@type\":\"WebSite\",\"@id\":\"https:\\\/\\\/interaxo.com\\\/sv\\\/#website\",\"url\":\"https:\\\/\\\/interaxo.com\\\/sv\\\/\",\"name\":\"Interaxo\",\"description\":\"Interaxo\",\"publisher\":{\"@id\":\"https:\\\/\\\/interaxo.com\\\/sv\\\/#organization\"},\"potentialAction\":[{\"@type\":\"SearchAction\",\"target\":{\"@type\":\"EntryPoint\",\"urlTemplate\":\"https:\\\/\\\/interaxo.com\\\/sv\\\/?s={search_term_string}\"},\"query-input\":{\"@type\":\"PropertyValueSpecification\",\"valueRequired\":true,\"valueName\":\"search_term_string\"}}],\"inLanguage\":\"sv-SE\"},{\"@type\":\"Organization\",\"@id\":\"https:\\\/\\\/interaxo.com\\\/sv\\\/#organization\",\"name\":\"Interaxo\",\"url\":\"https:\\\/\\\/interaxo.com\\\/sv\\\/\",\"logo\":{\"@type\":\"ImageObject\",\"inLanguage\":\"sv-SE\",\"@id\":\"https:\\\/\\\/interaxo.com\\\/sv\\\/#\\\/schema\\\/logo\\\/image\\\/\",\"url\":\"https:\\\/\\\/interaxo.com\\\/wp-content\\\/uploads\\\/2025\\\/09\\\/interaxo-logo.svg\",\"contentUrl\":\"https:\\\/\\\/interaxo.com\\\/wp-content\\\/uploads\\\/2025\\\/09\\\/interaxo-logo.svg\",\"width\":150,\"height\":29,\"caption\":\"Interaxo\"},\"image\":{\"@id\":\"https:\\\/\\\/interaxo.com\\\/sv\\\/#\\\/schema\\\/logo\\\/image\\\/\"},\"sameAs\":[\"https:\\\/\\\/www.linkedin.com\\\/company\\\/interaxo-no\\\/\"]}]}<\/script>\n<!-- \/ Yoast SEO plugin. -->","yoast_head_json":{"title":"Nyhetsbrev - Interaxo","description":"Anm\u00e4l dig till Tribias nyhetsbrev och f\u00e5 de senaste nyheterna, produktuppdateringarna och insikterna direkt i din inkorg.","robots":{"index":"index","follow":"follow","max-snippet":"max-snippet:-1","max-image-preview":"max-image-preview:large","max-video-preview":"max-video-preview:-1"},"canonical":"https:\/\/interaxo.com\/sv\/nyhetsbrev\/","og_locale":"sv_SE","og_type":"article","og_title":"Nyhetsbrev - Interaxo","og_description":"Anm\u00e4l dig till Tribias nyhetsbrev och f\u00e5 de senaste nyheterna, produktuppdateringarna och insikterna direkt i din inkorg.","og_url":"https:\/\/interaxo.com\/sv\/nyhetsbrev\/","og_site_name":"Interaxo","article_modified_time":"2026-02-03T11:19:10+00:00","og_image":[{"width":556,"height":366,"url":"https:\/\/interaxo.com\/wp-content\/uploads\/2025\/09\/construction-site.webp","type":"image\/webp"}],"twitter_card":"summary_large_image","twitter_misc":{"Ber\u00e4knad l\u00e4stid":"1 minut"},"schema":{"@context":"https:\/\/schema.org","@graph":[{"@type":"WebPage","@id":"https:\/\/interaxo.com\/sv\/nyhetsbrev\/","url":"https:\/\/interaxo.com\/sv\/nyhetsbrev\/","name":"Nyhetsbrev - Interaxo","isPartOf":{"@id":"https:\/\/interaxo.com\/sv\/#website"},"primaryImageOfPage":{"@id":"https:\/\/interaxo.com\/sv\/nyhetsbrev\/#primaryimage"},"image":{"@id":"https:\/\/interaxo.com\/sv\/nyhetsbrev\/#primaryimage"},"thumbnailUrl":"https:\/\/interaxo.com\/wp-content\/uploads\/2025\/09\/construction-site.webp","datePublished":"2025-09-23T09:21:05+00:00","dateModified":"2026-02-03T11:19:10+00:00","description":"Anm\u00e4l dig till Tribias nyhetsbrev och f\u00e5 de senaste nyheterna, produktuppdateringarna och insikterna direkt i din inkorg.","breadcrumb":{"@id":"https:\/\/interaxo.com\/sv\/nyhetsbrev\/#breadcrumb"},"inLanguage":"sv-SE","potentialAction":[{"@type":"ReadAction","target":["https:\/\/interaxo.com\/sv\/nyhetsbrev\/"]}]},{"@type":"ImageObject","inLanguage":"sv-SE","@id":"https:\/\/interaxo.com\/sv\/nyhetsbrev\/#primaryimage","url":"https:\/\/interaxo.com\/wp-content\/uploads\/2025\/09\/construction-site.webp","contentUrl":"https:\/\/interaxo.com\/wp-content\/uploads\/2025\/09\/construction-site.webp","width":556,"height":366,"caption":"interaxo for byggherre byggprosjekt"},{"@type":"BreadcrumbList","@id":"https:\/\/interaxo.com\/sv\/nyhetsbrev\/#breadcrumb","itemListElement":[{"@type":"ListItem","position":1,"name":"Home","item":"https:\/\/interaxo.com\/sv\/"},{"@type":"ListItem","position":2,"name":"Nyhetsbrev"}]},{"@type":"WebSite","@id":"https:\/\/interaxo.com\/sv\/#website","url":"https:\/\/interaxo.com\/sv\/","name":"Interaxo","description":"Interaxo","publisher":{"@id":"https:\/\/interaxo.com\/sv\/#organization"},"potentialAction":[{"@type":"SearchAction","target":{"@type":"EntryPoint","urlTemplate":"https:\/\/interaxo.com\/sv\/?s={search_term_string}"},"query-input":{"@type":"PropertyValueSpecification","valueRequired":true,"valueName":"search_term_string"}}],"inLanguage":"sv-SE"},{"@type":"Organization","@id":"https:\/\/interaxo.com\/sv\/#organization","name":"Interaxo","url":"https:\/\/interaxo.com\/sv\/","logo":{"@type":"ImageObject","inLanguage":"sv-SE","@id":"https:\/\/interaxo.com\/sv\/#\/schema\/logo\/image\/","url":"https:\/\/interaxo.com\/wp-content\/uploads\/2025\/09\/interaxo-logo.svg","contentUrl":"https:\/\/interaxo.com\/wp-content\/uploads\/2025\/09\/interaxo-logo.svg","width":150,"height":29,"caption":"Interaxo"},"image":{"@id":"https:\/\/interaxo.com\/sv\/#\/schema\/logo\/image\/"},"sameAs":["https:\/\/www.linkedin.com\/company\/interaxo-no\/"]}]}},"_links":{"self":[{"href":"https:\/\/interaxo.com\/sv\/wp-json\/wp\/v2\/pages\/3917","targetHints":{"allow":["GET"]}}],"collection":[{"href":"https:\/\/interaxo.com\/sv\/wp-json\/wp\/v2\/pages"}],"about":[{"href":"https:\/\/interaxo.com\/sv\/wp-json\/wp\/v2\/types\/page"}],"author":[{"embeddable":true,"href":"https:\/\/interaxo.com\/sv\/wp-json\/wp\/v2\/users\/9"}],"replies":[{"embeddable":true,"href":"https:\/\/interaxo.com\/sv\/wp-json\/wp\/v2\/comments?post=3917"}],"version-history":[{"count":8,"href":"https:\/\/interaxo.com\/sv\/wp-json\/wp\/v2\/pages\/3917\/revisions"}],"predecessor-version":[{"id":7358,"href":"https:\/\/interaxo.com\/sv\/wp-json\/wp\/v2\/pages\/3917\/revisions\/7358"}],"wp:featuredmedia":[{"embeddable":true,"href":"https:\/\/interaxo.com\/sv\/wp-json\/wp\/v2\/media\/565"}],"wp:attachment":[{"href":"https:\/\/interaxo.com\/sv\/wp-json\/wp\/v2\/media?parent=3917"}],"curies":[{"name":"wp","href":"https:\/\/api.w.org\/{rel}","templated":true}]}}