{"id":4856,"date":"2025-12-15T16:04:32","date_gmt":"2025-12-15T14:04:32","guid":{"rendered":"https:\/\/interaxo.com\/?page_id=4856"},"modified":"2026-03-12T17:53:46","modified_gmt":"2026-03-12T15:53:46","slug":"webinar-on-demand","status":"publish","type":"page","link":"https:\/\/interaxo.com\/sv\/webinar-on-demand\/","title":{"rendered":"Webinar on-demand"},"content":{"rendered":"<div class=\"fusion-fullwidth fullwidth-box fusion-builder-row-1 fusion-flex-container has-pattern-background has-mask-background fusion-parallax-none nonhundred-percent-fullwidth non-hundred-percent-height-scrolling\" style=\"--link_hover_color: hsla(var(--awb-color5-h),calc(var(--awb-color5-s) + 5%),calc(var(--awb-color5-l) + 10%),var(--awb-color5-a));--link_color: var(--awb-color5);--awb-border-radius-top-left:0px;--awb-border-radius-top-right:0px;--awb-border-radius-bottom-right:0px;--awb-border-radius-bottom-left:0px;--awb-padding-top:calc(123px + 7vh);--awb-padding-bottom:8vh;--awb-padding-top-medium:calc(123px + 4vh);--awb-padding-top-small:max(14vh, 140px);--awb-background-color:#101216;--awb-background-image:url(&quot;https:\/\/interaxo.com\/wp-content\/uploads\/2025\/09\/ix-background.svg&quot;);--awb-background-size:cover;--awb-flex-wrap:wrap;\" ><div class=\"fusion-builder-row fusion-row fusion-flex-align-items-stretch fusion-flex-content-wrap\" style=\"max-width:1314.56px;margin-left: calc(-4% \/ 2 );margin-right: calc(-4% \/ 2 );\"><div class=\"fusion-layout-column fusion_builder_column fusion-builder-column-0 fusion_builder_column_1_2 1_2 fusion-flex-column\" style=\"--awb-bg-size:cover;--awb-width-large:50%;--awb-margin-top-large:0px;--awb-spacing-right-large:3.84%;--awb-margin-bottom-large:4vh;--awb-spacing-left-large:3.84%;--awb-width-medium:50%;--awb-order-medium:0;--awb-spacing-right-medium:3.84%;--awb-spacing-left-medium:3.84%;--awb-width-small:100%;--awb-order-small:0;--awb-spacing-right-small:1.92%;--awb-spacing-left-small:1.92%;\"><div class=\"fusion-column-wrapper fusion-column-has-shadow fusion-flex-justify-content-flex-start fusion-content-layout-column\"><div class=\"fusion-title title fusion-title-1 fusion-sep-none fusion-title-text fusion-title-size-div\" style=\"--awb-text-color:var(--awb-color5);--awb-margin-top:0px;--awb-margin-bottom:25px;--awb-font-size:var(--awb-typography5-font-size);\"><div class=\"fusion-title-heading title-heading-left title-heading-tag fusion-responsive-typography-calculated\" style=\"font-family:var(--awb-typography5-font-family);font-weight:var(--awb-typography5-font-weight);font-style:var(--awb-typography5-font-style);margin:0;letter-spacing:var(--awb-typography5-letter-spacing);text-transform:uppercase;font-size:1em;--fontSize:14;--minFontSize:14;line-height:var(--awb-typography5-line-height);\">Webinar on-demand<\/div><\/div><div class=\"fusion-title title fusion-title-2 fusion-sep-none fusion-title-text fusion-title-size-one\" style=\"--awb-text-color:var(--awb-color1);--awb-margin-top:0px;--awb-margin-bottom:35px;--awb-margin-bottom-small:35px;--awb-font-size:var(--awb-typography1-font-size);\"><h1 class=\"fusion-title-heading title-heading-left fusion-responsive-typography-calculated\" style=\"font-family:var(--awb-typography1-font-family);font-weight:var(--awb-typography1-font-weight);font-style:var(--awb-typography1-font-style);margin:0;letter-spacing:var(--awb-typography1-letter-spacing);text-transform:var(--awb-typography1-text-transform);font-size:1em;--fontSize:48;line-height:var(--awb-typography1-line-height);\"><h2>Praktiska insikter fr\u00e5n Interaxo<\/h2><\/h1><\/div><div class=\"fusion-text fusion-text-1\" style=\"--awb-text-color:var(--awb-color1);--awb-text-font-family:&quot;Lato&quot;;--awb-text-font-style:normal;--awb-text-font-weight:400;\"><p><strong>Registrera dig med din e-postadress via formul\u00e4ret och f\u00e5 tillg\u00e5ng till v\u00e5ra webbinarier med praktiska insikter om digital samverkan, BIM och andra relevanta \u00e4mnen f\u00f6r moderna byggprojekt.<\/strong><\/p>\n<\/div><div class=\"fusion-title title fusion-title-3 fusion-sep-none fusion-title-text fusion-title-size-four\" style=\"--awb-text-color:var(--awb-color1);\"><h4 class=\"fusion-title-heading title-heading-left fusion-responsive-typography-calculated\" style=\"margin:0;--fontSize:20;--minFontSize:20;line-height:var(--awb-custom_typography_1-line-height);\"><\/h4><\/div><ul style=\"--awb-iconcolor:var(--awb-color5);--awb-textcolor:var(--awb-color1);--awb-line-height:27.2px;--awb-icon-width:27.2px;--awb-icon-height:27.2px;--awb-icon-margin:11.2px;--awb-content-margin:38.4px;\" class=\"fusion-checklist fusion-checklist-1 fusion-checklist-default type-icons\"><li class=\"fusion-li-item\" style=\"\"><span class=\"icon-wrapper circle-no\"><i class=\"fusion-li-icon icon-interaxo-double-arrow\" aria-hidden=\"true\"><\/i><\/span><div class=\"fusion-li-item-content\">\n<p>&#8221;BREEAM: Vad det \u00e4r, varf\u00f6r det beh\u00f6vs och hur Interaxo kan hj\u00e4lpa dig&#8221; (ca. 10 min)<\/p>\n<\/div><\/li><li class=\"fusion-li-item\" style=\"\"><span class=\"icon-wrapper circle-no\"><i class=\"fusion-li-icon icon-interaxo-double-arrow\" aria-hidden=\"true\"><\/i><\/span><div class=\"fusion-li-item-content\">\n<p>&#8221;Effektiva byggprojekt: Fr\u00e5n projekt till f\u00f6rvaltning&#8221; \u2013 i samarbete med SWG<\/p>\n<\/div><\/li><li class=\"fusion-li-item\" style=\"\"><span class=\"icon-wrapper circle-no\"><i class=\"fusion-li-icon icon-interaxo-double-arrow\" aria-hidden=\"true\"><\/i><\/span><div class=\"fusion-li-item-content\">\n<p><span style=\"color: #ffffff;\">&#8221;Klimatdeklarationer med Interaxo&#8221; (ca. 10 min)<\/span><\/p>\n<\/div><\/li><li class=\"fusion-li-item\" style=\"\"><span class=\"icon-wrapper circle-no\"><i class=\"fusion-li-icon icon-interaxo-double-arrow\" aria-hidden=\"true\"><\/i><\/span><div class=\"fusion-li-item-content\">\n<p>&#8221;Oculo och Interaxo&#8221; (ca. 25 min)<\/p>\n<\/div><\/li><li class=\"fusion-li-item\" style=\"\"><span class=\"icon-wrapper circle-no\"><i class=\"fusion-li-icon icon-interaxo-double-arrow\" aria-hidden=\"true\"><\/i><\/span><div class=\"fusion-li-item-content\">\n<p>&#8221;\u00c4ndringshantering&#8221; (ca. 25 min)<\/p>\n<\/div><\/li><li class=\"fusion-li-item\" style=\"\"><span class=\"icon-wrapper circle-no\"><i class=\"fusion-li-icon icon-interaxo-double-arrow\" aria-hidden=\"true\"><\/i><\/span><div class=\"fusion-li-item-content\"><span data-teams=\"true\">&#8221;BEAst Helplansritning skala 1:50&#8221; \u2013 del 1 och del 2<\/span><\/div><\/li><li class=\"fusion-li-item\" style=\"\"><span class=\"icon-wrapper circle-no\"><i class=\"fusion-li-icon icon-interaxo-double-arrow\" aria-hidden=\"true\"><\/i><\/span><div class=\"fusion-li-item-content\">\n<p>&#8221;Visuella Tavlor: Jobba mer visuellt&#8221; (ca. 20 min)<\/p>\n<\/div><\/li><li class=\"fusion-li-item\" style=\"\"><span class=\"icon-wrapper circle-no\"><i class=\"fusion-li-icon icon-interaxo-double-arrow\" aria-hidden=\"true\"><\/i><\/span><div class=\"fusion-li-item-content\">\n<p>&#8221;S\u00e4kra kommunikationen p\u00e5 distans&#8221; (ca. 30 min)<\/p>\n<\/div><\/li><\/ul><\/div><\/div><div class=\"fusion-layout-column fusion_builder_column fusion-builder-column-1 fusion_builder_column_1_2 1_2 fusion-flex-column\" style=\"--awb-padding-top:80px;--awb-padding-right:80px;--awb-padding-bottom:80px;--awb-padding-left:80px;--awb-padding-top-medium:40px;--awb-padding-right-medium:30px;--awb-padding-bottom-medium:40px;--awb-padding-left-medium:30px;--awb-padding-top-small:30px;--awb-padding-right-small:30px;--awb-padding-bottom-small:30px;--awb-padding-left-small:30px;--awb-overflow:hidden;--awb-bg-color:var(--awb-color2);--awb-bg-color-hover:var(--awb-color2);--awb-bg-size:cover;--awb-box-shadow:0px 4px 34px 0px rgba(47,47,47,0.25);;--awb-border-radius:6px 6px 6px 6px;--awb-width-large:50%;--awb-margin-top-large:0px;--awb-spacing-right-large:3.84%;--awb-margin-bottom-large:20px;--awb-spacing-left-large:3.84%;--awb-width-medium:50%;--awb-order-medium:0;--awb-spacing-right-medium:3.84%;--awb-spacing-left-medium:3.84%;--awb-width-small:100%;--awb-order-small:0;--awb-spacing-right-small:1.92%;--awb-spacing-left-small:1.92%;\"><div class=\"fusion-column-wrapper fusion-column-has-shadow fusion-flex-justify-content-flex-start fusion-content-layout-column\"><script charset=\"utf-8\" type=\"text\/javascript\" src=\"\/\/js.hsforms.net\/forms\/embed\/v2.js\"><\/script>\n<script>\n  hbspt.forms.create({\n    portalId: \"5177047\",\n    formId: \"2648aa95-d81a-41e7-b273-08596d2d8570\",\n    region: \"na1\"\n  });\n<\/script><\/div><\/div><\/div><\/div>\n","protected":false},"excerpt":{"rendered":"","protected":false},"author":9,"featured_media":565,"parent":0,"menu_order":0,"comment_status":"closed","ping_status":"closed","template":"100-width.php","meta":{"_acf_changed":false,"content-type":"","footnotes":""},"class_list":["post-4856","page","type-page","status-publish","has-post-thumbnail","hentry"],"acf":[],"yoast_head":"<!-- This site is optimized with the Yoast SEO plugin v27.4 - https:\/\/yoast.com\/product\/yoast-seo-wordpress\/ -->\n<title>Webinar on-demand - Interaxo<\/title>\n<meta name=\"robots\" content=\"index, follow, max-snippet:-1, max-image-preview:large, max-video-preview:-1\" \/>\n<link rel=\"canonical\" href=\"https:\/\/interaxo.com\/sv\/webinar-on-demand\/\" \/>\n<meta property=\"og:locale\" content=\"sv_SE\" \/>\n<meta property=\"og:type\" content=\"article\" \/>\n<meta property=\"og:title\" content=\"Webinar on-demand - Interaxo\" \/>\n<meta property=\"og:url\" content=\"https:\/\/interaxo.com\/sv\/webinar-on-demand\/\" \/>\n<meta property=\"og:site_name\" content=\"Interaxo\" \/>\n<meta property=\"article:modified_time\" content=\"2026-03-12T15:53:46+00:00\" \/>\n<meta property=\"og:image\" content=\"https:\/\/interaxo.com\/wp-content\/uploads\/2025\/09\/construction-site.webp\" \/>\n\t<meta property=\"og:image:width\" content=\"556\" \/>\n\t<meta property=\"og:image:height\" content=\"366\" \/>\n\t<meta property=\"og:image:type\" content=\"image\/webp\" \/>\n<meta name=\"twitter:card\" content=\"summary_large_image\" \/>\n<meta name=\"twitter:label1\" content=\"Ber\u00e4knad l\u00e4stid\" \/>\n\t<meta name=\"twitter:data1\" content=\"1 minut\" \/>\n<script type=\"application\/ld+json\" class=\"yoast-schema-graph\">{\"@context\":\"https:\\\/\\\/schema.org\",\"@graph\":[{\"@type\":\"WebPage\",\"@id\":\"https:\\\/\\\/interaxo.com\\\/sv\\\/webinar-on-demand\\\/\",\"url\":\"https:\\\/\\\/interaxo.com\\\/sv\\\/webinar-on-demand\\\/\",\"name\":\"Webinar on-demand - Interaxo\",\"isPartOf\":{\"@id\":\"https:\\\/\\\/interaxo.com\\\/sv\\\/#website\"},\"primaryImageOfPage\":{\"@id\":\"https:\\\/\\\/interaxo.com\\\/sv\\\/webinar-on-demand\\\/#primaryimage\"},\"image\":{\"@id\":\"https:\\\/\\\/interaxo.com\\\/sv\\\/webinar-on-demand\\\/#primaryimage\"},\"thumbnailUrl\":\"https:\\\/\\\/interaxo.com\\\/wp-content\\\/uploads\\\/2025\\\/09\\\/construction-site.webp\",\"datePublished\":\"2025-12-15T14:04:32+00:00\",\"dateModified\":\"2026-03-12T15:53:46+00:00\",\"breadcrumb\":{\"@id\":\"https:\\\/\\\/interaxo.com\\\/sv\\\/webinar-on-demand\\\/#breadcrumb\"},\"inLanguage\":\"sv-SE\",\"potentialAction\":[{\"@type\":\"ReadAction\",\"target\":[\"https:\\\/\\\/interaxo.com\\\/sv\\\/webinar-on-demand\\\/\"]}]},{\"@type\":\"ImageObject\",\"inLanguage\":\"sv-SE\",\"@id\":\"https:\\\/\\\/interaxo.com\\\/sv\\\/webinar-on-demand\\\/#primaryimage\",\"url\":\"https:\\\/\\\/interaxo.com\\\/wp-content\\\/uploads\\\/2025\\\/09\\\/construction-site.webp\",\"contentUrl\":\"https:\\\/\\\/interaxo.com\\\/wp-content\\\/uploads\\\/2025\\\/09\\\/construction-site.webp\",\"width\":556,\"height\":366,\"caption\":\"interaxo for byggherre byggprosjekt\"},{\"@type\":\"BreadcrumbList\",\"@id\":\"https:\\\/\\\/interaxo.com\\\/sv\\\/webinar-on-demand\\\/#breadcrumb\",\"itemListElement\":[{\"@type\":\"ListItem\",\"position\":1,\"name\":\"Home\",\"item\":\"https:\\\/\\\/interaxo.com\\\/sv\\\/\"},{\"@type\":\"ListItem\",\"position\":2,\"name\":\"Webinar on-demand\"}]},{\"@type\":\"WebSite\",\"@id\":\"https:\\\/\\\/interaxo.com\\\/sv\\\/#website\",\"url\":\"https:\\\/\\\/interaxo.com\\\/sv\\\/\",\"name\":\"Interaxo\",\"description\":\"Interaxo\",\"publisher\":{\"@id\":\"https:\\\/\\\/interaxo.com\\\/sv\\\/#organization\"},\"potentialAction\":[{\"@type\":\"SearchAction\",\"target\":{\"@type\":\"EntryPoint\",\"urlTemplate\":\"https:\\\/\\\/interaxo.com\\\/sv\\\/?s={search_term_string}\"},\"query-input\":{\"@type\":\"PropertyValueSpecification\",\"valueRequired\":true,\"valueName\":\"search_term_string\"}}],\"inLanguage\":\"sv-SE\"},{\"@type\":\"Organization\",\"@id\":\"https:\\\/\\\/interaxo.com\\\/sv\\\/#organization\",\"name\":\"Interaxo\",\"url\":\"https:\\\/\\\/interaxo.com\\\/sv\\\/\",\"logo\":{\"@type\":\"ImageObject\",\"inLanguage\":\"sv-SE\",\"@id\":\"https:\\\/\\\/interaxo.com\\\/sv\\\/#\\\/schema\\\/logo\\\/image\\\/\",\"url\":\"https:\\\/\\\/interaxo.com\\\/wp-content\\\/uploads\\\/2025\\\/09\\\/interaxo-logo.svg\",\"contentUrl\":\"https:\\\/\\\/interaxo.com\\\/wp-content\\\/uploads\\\/2025\\\/09\\\/interaxo-logo.svg\",\"width\":150,\"height\":29,\"caption\":\"Interaxo\"},\"image\":{\"@id\":\"https:\\\/\\\/interaxo.com\\\/sv\\\/#\\\/schema\\\/logo\\\/image\\\/\"},\"sameAs\":[\"https:\\\/\\\/www.linkedin.com\\\/company\\\/interaxo-no\\\/\"]}]}<\/script>\n<!-- \/ Yoast SEO plugin. -->","yoast_head_json":{"title":"Webinar on-demand - Interaxo","robots":{"index":"index","follow":"follow","max-snippet":"max-snippet:-1","max-image-preview":"max-image-preview:large","max-video-preview":"max-video-preview:-1"},"canonical":"https:\/\/interaxo.com\/sv\/webinar-on-demand\/","og_locale":"sv_SE","og_type":"article","og_title":"Webinar on-demand - Interaxo","og_url":"https:\/\/interaxo.com\/sv\/webinar-on-demand\/","og_site_name":"Interaxo","article_modified_time":"2026-03-12T15:53:46+00:00","og_image":[{"width":556,"height":366,"url":"https:\/\/interaxo.com\/wp-content\/uploads\/2025\/09\/construction-site.webp","type":"image\/webp"}],"twitter_card":"summary_large_image","twitter_misc":{"Ber\u00e4knad l\u00e4stid":"1 minut"},"schema":{"@context":"https:\/\/schema.org","@graph":[{"@type":"WebPage","@id":"https:\/\/interaxo.com\/sv\/webinar-on-demand\/","url":"https:\/\/interaxo.com\/sv\/webinar-on-demand\/","name":"Webinar on-demand - Interaxo","isPartOf":{"@id":"https:\/\/interaxo.com\/sv\/#website"},"primaryImageOfPage":{"@id":"https:\/\/interaxo.com\/sv\/webinar-on-demand\/#primaryimage"},"image":{"@id":"https:\/\/interaxo.com\/sv\/webinar-on-demand\/#primaryimage"},"thumbnailUrl":"https:\/\/interaxo.com\/wp-content\/uploads\/2025\/09\/construction-site.webp","datePublished":"2025-12-15T14:04:32+00:00","dateModified":"2026-03-12T15:53:46+00:00","breadcrumb":{"@id":"https:\/\/interaxo.com\/sv\/webinar-on-demand\/#breadcrumb"},"inLanguage":"sv-SE","potentialAction":[{"@type":"ReadAction","target":["https:\/\/interaxo.com\/sv\/webinar-on-demand\/"]}]},{"@type":"ImageObject","inLanguage":"sv-SE","@id":"https:\/\/interaxo.com\/sv\/webinar-on-demand\/#primaryimage","url":"https:\/\/interaxo.com\/wp-content\/uploads\/2025\/09\/construction-site.webp","contentUrl":"https:\/\/interaxo.com\/wp-content\/uploads\/2025\/09\/construction-site.webp","width":556,"height":366,"caption":"interaxo for byggherre byggprosjekt"},{"@type":"BreadcrumbList","@id":"https:\/\/interaxo.com\/sv\/webinar-on-demand\/#breadcrumb","itemListElement":[{"@type":"ListItem","position":1,"name":"Home","item":"https:\/\/interaxo.com\/sv\/"},{"@type":"ListItem","position":2,"name":"Webinar on-demand"}]},{"@type":"WebSite","@id":"https:\/\/interaxo.com\/sv\/#website","url":"https:\/\/interaxo.com\/sv\/","name":"Interaxo","description":"Interaxo","publisher":{"@id":"https:\/\/interaxo.com\/sv\/#organization"},"potentialAction":[{"@type":"SearchAction","target":{"@type":"EntryPoint","urlTemplate":"https:\/\/interaxo.com\/sv\/?s={search_term_string}"},"query-input":{"@type":"PropertyValueSpecification","valueRequired":true,"valueName":"search_term_string"}}],"inLanguage":"sv-SE"},{"@type":"Organization","@id":"https:\/\/interaxo.com\/sv\/#organization","name":"Interaxo","url":"https:\/\/interaxo.com\/sv\/","logo":{"@type":"ImageObject","inLanguage":"sv-SE","@id":"https:\/\/interaxo.com\/sv\/#\/schema\/logo\/image\/","url":"https:\/\/interaxo.com\/wp-content\/uploads\/2025\/09\/interaxo-logo.svg","contentUrl":"https:\/\/interaxo.com\/wp-content\/uploads\/2025\/09\/interaxo-logo.svg","width":150,"height":29,"caption":"Interaxo"},"image":{"@id":"https:\/\/interaxo.com\/sv\/#\/schema\/logo\/image\/"},"sameAs":["https:\/\/www.linkedin.com\/company\/interaxo-no\/"]}]}},"_links":{"self":[{"href":"https:\/\/interaxo.com\/sv\/wp-json\/wp\/v2\/pages\/4856","targetHints":{"allow":["GET"]}}],"collection":[{"href":"https:\/\/interaxo.com\/sv\/wp-json\/wp\/v2\/pages"}],"about":[{"href":"https:\/\/interaxo.com\/sv\/wp-json\/wp\/v2\/types\/page"}],"author":[{"embeddable":true,"href":"https:\/\/interaxo.com\/sv\/wp-json\/wp\/v2\/users\/9"}],"replies":[{"embeddable":true,"href":"https:\/\/interaxo.com\/sv\/wp-json\/wp\/v2\/comments?post=4856"}],"version-history":[{"count":17,"href":"https:\/\/interaxo.com\/sv\/wp-json\/wp\/v2\/pages\/4856\/revisions"}],"predecessor-version":[{"id":8510,"href":"https:\/\/interaxo.com\/sv\/wp-json\/wp\/v2\/pages\/4856\/revisions\/8510"}],"wp:featuredmedia":[{"embeddable":true,"href":"https:\/\/interaxo.com\/sv\/wp-json\/wp\/v2\/media\/565"}],"wp:attachment":[{"href":"https:\/\/interaxo.com\/sv\/wp-json\/wp\/v2\/media?parent=4856"}],"curies":[{"name":"wp","href":"https:\/\/api.w.org\/{rel}","templated":true}]}}